{"id":344,"date":"2021-05-01T10:34:32","date_gmt":"2021-05-01T08:34:32","guid":{"rendered":"https:\/\/zahnarztpraxis-weber.net\/?page_id=344"},"modified":"2021-05-05T16:10:23","modified_gmt":"2021-05-05T14:10:23","slug":"kinderzahnheilkunde","status":"publish","type":"page","link":"https:\/\/zahnarztpraxis-weber.net\/?page_id=344","title":{"rendered":"Kinderbehandlung"},"content":{"rendered":"\t\t<div data-elementor-type=\"wp-page\" data-elementor-id=\"344\" class=\"elementor elementor-344\">\n\t\t\t\t\t\t<section class=\"elementor-section elementor-top-section elementor-element elementor-element-ae7cc60 elementor-section-full_width elementor-section-height-default elementor-section-height-default\" data-id=\"ae7cc60\" data-element_type=\"section\" data-e-type=\"section\">\n\t\t\t\t\t\t<div class=\"elementor-container elementor-column-gap-default\">\n\t\t\t\t\t<div class=\"elementor-column elementor-col-100 elementor-top-column elementor-element elementor-element-d2edaae\" data-id=\"d2edaae\" data-element_type=\"column\" data-e-type=\"column\">\n\t\t\t<div class=\"elementor-widget-wrap elementor-element-populated\">\n\t\t\t\t\t\t<div class=\"elementor-element elementor-element-17f6d26 elementor-widget elementor-widget-image\" data-id=\"17f6d26\" data-element_type=\"widget\" data-e-type=\"widget\" data-widget_type=\"image.default\">\n\t\t\t\t<div class=\"elementor-widget-container\">\n\t\t\t\t\t\t\t\t\t\t\t\t\t\t\t<img fetchpriority=\"high\" decoding=\"async\" width=\"2200\" height=\"861\" src=\"https:\/\/zahnarztpraxis-weber.net\/wp-content\/uploads\/zahnarztpraxis-weber-laecheln-gross.jpg\" class=\"attachment-full size-full wp-image-966\" alt=\"\" srcset=\"https:\/\/zahnarztpraxis-weber.net\/wp-content\/uploads\/zahnarztpraxis-weber-laecheln-gross.jpg 2200w, https:\/\/zahnarztpraxis-weber.net\/wp-content\/uploads\/zahnarztpraxis-weber-laecheln-gross-300x117.jpg 300w, https:\/\/zahnarztpraxis-weber.net\/wp-content\/uploads\/zahnarztpraxis-weber-laecheln-gross-1024x401.jpg 1024w, https:\/\/zahnarztpraxis-weber.net\/wp-content\/uploads\/zahnarztpraxis-weber-laecheln-gross-768x301.jpg 768w, https:\/\/zahnarztpraxis-weber.net\/wp-content\/uploads\/zahnarztpraxis-weber-laecheln-gross-1536x601.jpg 1536w, https:\/\/zahnarztpraxis-weber.net\/wp-content\/uploads\/zahnarztpraxis-weber-laecheln-gross-2048x802.jpg 2048w\" sizes=\"(max-width: 2200px) 100vw, 2200px\" \/>\t\t\t\t\t\t\t\t\t\t\t\t\t\t\t<\/div>\n\t\t\t\t<\/div>\n\t\t\t\t\t<\/div>\n\t\t<\/div>\n\t\t\t\t\t<\/div>\n\t\t<\/section>\n\t\t\t\t<section class=\"elementor-section elementor-top-section elementor-element elementor-element-60221605 elementor-section-boxed elementor-section-height-default elementor-section-height-default\" data-id=\"60221605\" data-element_type=\"section\" data-e-type=\"section\">\n\t\t\t\t\t\t<div class=\"elementor-container elementor-column-gap-default\">\n\t\t\t\t\t<div class=\"elementor-column elementor-col-100 elementor-top-column elementor-element elementor-element-5d87cfa7\" data-id=\"5d87cfa7\" data-element_type=\"column\" data-e-type=\"column\">\n\t\t\t<div class=\"elementor-widget-wrap elementor-element-populated\">\n\t\t\t\t\t\t<div class=\"elementor-element elementor-element-faa5607 elementor-widget elementor-widget-heading\" data-id=\"faa5607\" data-element_type=\"widget\" data-e-type=\"widget\" data-widget_type=\"heading.default\">\n\t\t\t\t<div class=\"elementor-widget-container\">\n\t\t\t\t\t<h1 class=\"elementor-heading-title elementor-size-default\">Kinderbehandlung<\/h1>\t\t\t\t<\/div>\n\t\t\t\t<\/div>\n\t\t\t\t<div class=\"elementor-element elementor-element-64b834c5 elementor-widget elementor-widget-text-editor\" data-id=\"64b834c5\" data-element_type=\"widget\" data-e-type=\"widget\" data-widget_type=\"text-editor.default\">\n\t\t\t\t<div class=\"elementor-widget-container\">\n\t\t\t\t\t\t\t\t\t\n<p>Die Zahngesundheit ihrer Kinder liegt uns besonders am Herzen. Im fr\u00fchen Kindesalter legen Sie den Grundstein f\u00fcr die Zahngesundheit Ihres Kindes. Damit Ihr Kind keine Angst vor dem Zahnarzt hat, wollen wir, da\u00df Ihr Kind uns fr\u00fchzeitig kennenlernt. Durch behutsamen, emphatischen und liebevollen Umgang mit ihrem Kind, gew\u00f6hnt es sich an uns. Wir beraten Sie gerne in allen Punkten zur Kinderzahnheilkunde und bieten verschiedene Vorsorgeuntersuchungen f\u00fcr unsere kleinen Patienten an.<\/p>\n<p>\u00a0<\/p>\n\n<ul class=\"wp-block-list\">\n<li>Kindliche Fr\u00fchuntersuchung UZ 1-6 (Kinder ab 6 Monaten)<\/li>\n<\/ul>\n\n<ul class=\"wp-block-list\">\n<li>Fissuren und Gr\u00fcbchen Versiegelung der Milchz\u00e4hne<\/li>\n<\/ul>\n\n<ul class=\"wp-block-list\">\n<li>Zahnputzschule<\/li>\n<\/ul>\n\n<ul class=\"wp-block-list\">\n<li>Individual Prophylaxe bei Kindern IP 1-5 ab 6 Jahren<\/li>\n<\/ul>\n\n<ul class=\"wp-block-list\">\n<li>Fissurenversiegelung der Z\u00e4hne<\/li>\n<\/ul>\n\n<ul class=\"wp-block-list\">\n<li>Professionelle Zahnreinigung bei Kindern mit KFO-Ger\u00e4ten<\/li>\n<\/ul>\n\n<ul class=\"wp-block-list\">\n<li>F\u00fcllungen bei Karies\u00a0<\/li>\n<\/ul>\n\n<ul class=\"wp-block-list\">\n<li>Zahnentfernungen bei kieferorthop\u00e4discher Behandlung in Absprache mit Ihrem Kieferorthop\u00e4den<\/li>\n<\/ul>\n\t\t\t\t\t\t\t\t<\/div>\n\t\t\t\t<\/div>\n\t\t\t\t\t<\/div>\n\t\t<\/div>\n\t\t\t\t\t<\/div>\n\t\t<\/section>\n\t\t\t\t<\/div>\n\t\t","protected":false},"excerpt":{"rendered":"<p>Kinderbehandlung Die Zahngesundheit ihrer Kinder liegt uns besonders am Herzen. Im fr\u00fchen Kindesalter legen Sie den Grundstein f\u00fcr die Zahngesundheit Ihres Kindes. Damit Ihr Kind keine Angst vor dem Zahnarzt hat, wollen wir, da\u00df Ihr Kind uns fr\u00fchzeitig kennenlernt. Durch behutsamen, emphatischen und liebevollen Umgang mit ihrem Kind, gew\u00f6hnt es sich an uns. Wir beraten [&hellip;]<\/p>\n","protected":false},"author":1,"featured_media":0,"parent":0,"menu_order":0,"comment_status":"closed","ping_status":"closed","template":"elementor_header_footer","meta":{"_regular_price":[],"currency_symbol":[],"footnotes":""},"class_list":["post-344","page","type-page","status-publish","hentry"],"post_slider_layout_featured_media_urls":{"thumbnail":"","post_slider_layout_landscape_large":"","post_slider_layout_portrait_large":"","post_slider_layout_square_large":"","post_slider_layout_landscape":"","post_slider_layout_portrait":"","post_slider_layout_square":"","full":""},"_links":{"self":[{"href":"https:\/\/zahnarztpraxis-weber.net\/index.php?rest_route=\/wp\/v2\/pages\/344","targetHints":{"allow":["GET"]}}],"collection":[{"href":"https:\/\/zahnarztpraxis-weber.net\/index.php?rest_route=\/wp\/v2\/pages"}],"about":[{"href":"https:\/\/zahnarztpraxis-weber.net\/index.php?rest_route=\/wp\/v2\/types\/page"}],"author":[{"embeddable":true,"href":"https:\/\/zahnarztpraxis-weber.net\/index.php?rest_route=\/wp\/v2\/users\/1"}],"replies":[{"embeddable":true,"href":"https:\/\/zahnarztpraxis-weber.net\/index.php?rest_route=%2Fwp%2Fv2%2Fcomments&post=344"}],"version-history":[{"count":25,"href":"https:\/\/zahnarztpraxis-weber.net\/index.php?rest_route=\/wp\/v2\/pages\/344\/revisions"}],"predecessor-version":[{"id":1185,"href":"https:\/\/zahnarztpraxis-weber.net\/index.php?rest_route=\/wp\/v2\/pages\/344\/revisions\/1185"}],"wp:attachment":[{"href":"https:\/\/zahnarztpraxis-weber.net\/index.php?rest_route=%2Fwp%2Fv2%2Fmedia&parent=344"}],"curies":[{"name":"wp","href":"https:\/\/api.w.org\/{rel}","templated":true}]}}