{"id":260,"date":"2021-04-22T20:42:57","date_gmt":"2021-04-22T18:42:57","guid":{"rendered":"https:\/\/zahnarztpraxis-weber.net\/?page_id=260"},"modified":"2021-05-04T20:26:03","modified_gmt":"2021-05-04T18:26:03","slug":"service","status":"publish","type":"page","link":"https:\/\/zahnarztpraxis-weber.net\/?page_id=260","title":{"rendered":"Service"},"content":{"rendered":"\t\t<div data-elementor-type=\"wp-page\" data-elementor-id=\"260\" class=\"elementor elementor-260\">\n\t\t\t\t\t\t<section class=\"elementor-section elementor-top-section elementor-element elementor-element-b1ba00d elementor-section-full_width elementor-section-height-default elementor-section-height-default\" data-id=\"b1ba00d\" data-element_type=\"section\" data-e-type=\"section\">\n\t\t\t\t\t\t<div class=\"elementor-container elementor-column-gap-default\">\n\t\t\t\t\t<div class=\"elementor-column elementor-col-100 elementor-top-column elementor-element elementor-element-c21c0f4\" data-id=\"c21c0f4\" data-element_type=\"column\" data-e-type=\"column\">\n\t\t\t<div class=\"elementor-widget-wrap elementor-element-populated\">\n\t\t\t\t\t\t<div class=\"elementor-element elementor-element-8911e81 elementor-widget elementor-widget-image\" data-id=\"8911e81\" data-element_type=\"widget\" data-e-type=\"widget\" data-widget_type=\"image.default\">\n\t\t\t\t<div class=\"elementor-widget-container\">\n\t\t\t\t\t\t\t\t\t\t\t\t\t\t\t<img fetchpriority=\"high\" decoding=\"async\" width=\"2200\" height=\"861\" src=\"https:\/\/zahnarztpraxis-weber.net\/wp-content\/uploads\/zahnarztpraxis-weber-laecheln-gross.jpg\" class=\"attachment-full size-full wp-image-966\" alt=\"\" srcset=\"https:\/\/zahnarztpraxis-weber.net\/wp-content\/uploads\/zahnarztpraxis-weber-laecheln-gross.jpg 2200w, https:\/\/zahnarztpraxis-weber.net\/wp-content\/uploads\/zahnarztpraxis-weber-laecheln-gross-300x117.jpg 300w, https:\/\/zahnarztpraxis-weber.net\/wp-content\/uploads\/zahnarztpraxis-weber-laecheln-gross-1024x401.jpg 1024w, https:\/\/zahnarztpraxis-weber.net\/wp-content\/uploads\/zahnarztpraxis-weber-laecheln-gross-768x301.jpg 768w, https:\/\/zahnarztpraxis-weber.net\/wp-content\/uploads\/zahnarztpraxis-weber-laecheln-gross-1536x601.jpg 1536w, https:\/\/zahnarztpraxis-weber.net\/wp-content\/uploads\/zahnarztpraxis-weber-laecheln-gross-2048x802.jpg 2048w\" sizes=\"(max-width: 2200px) 100vw, 2200px\" \/>\t\t\t\t\t\t\t\t\t\t\t\t\t\t\t<\/div>\n\t\t\t\t<\/div>\n\t\t\t\t\t<\/div>\n\t\t<\/div>\n\t\t\t\t\t<\/div>\n\t\t<\/section>\n\t\t\t\t<section class=\"elementor-section elementor-top-section elementor-element elementor-element-2db64800 elementor-section-boxed elementor-section-height-default elementor-section-height-default\" data-id=\"2db64800\" data-element_type=\"section\" data-e-type=\"section\">\n\t\t\t\t\t\t<div class=\"elementor-container elementor-column-gap-default\">\n\t\t\t\t\t<div class=\"elementor-column elementor-col-100 elementor-top-column elementor-element elementor-element-71f55e8a\" data-id=\"71f55e8a\" data-element_type=\"column\" data-e-type=\"column\">\n\t\t\t<div class=\"elementor-widget-wrap elementor-element-populated\">\n\t\t\t\t\t\t<div class=\"elementor-element elementor-element-bdc5d13 elementor-widget elementor-widget-heading\" data-id=\"bdc5d13\" data-element_type=\"widget\" data-e-type=\"widget\" data-widget_type=\"heading.default\">\n\t\t\t\t<div class=\"elementor-widget-container\">\n\t\t\t\t\t<h1 class=\"elementor-heading-title elementor-size-default\">Service<\/h1>\t\t\t\t<\/div>\n\t\t\t\t<\/div>\n\t\t\t\t<div class=\"elementor-element elementor-element-1ec6acca elementor-widget elementor-widget-text-editor\" data-id=\"1ec6acca\" data-element_type=\"widget\" data-e-type=\"widget\" data-widget_type=\"text-editor.default\">\n\t\t\t\t<div class=\"elementor-widget-container\">\n\t\t\t\t\t\t\t\t\t\n<p>Neben einer optimalen zahnmedizinischen Versorgung sind wir als Praxisteam stets bem\u00fcht Ihnen einen optimalen Service zu bieten. Daher bieten wir Ihnen unter anderem auf Wunsch folgende kostenlose Dienstleistungen an:<\/p>\n\n\n\n<ul class=\"wp-block-list\"><li>SMS Terminerinnerung<\/li><\/ul>\n\n\n\n<ul class=\"wp-block-list\"><li>Recall Erinnerungen per SMS, E-Mail oder Telefon.<\/li><\/ul>\n\n\n\n<ul class=\"wp-block-list\"><li>F\u00fcr neue Patienten bieten wir Ihnen hier die M\u00f6glichkeit vor Ihrem ersten Besuch unseren Anamnesebogen vorab auszudrucken und ausgef\u00fcllt zum ersten Termin mitzubringen.<\/li><\/ul>\n\n\n\n<div class=\"wp-block-file\"><a href=\"https:\/\/zahnarztpraxis-weber.net\/wp-content\/uploads\/2021\/04\/FO-Anamnesebogen-OPTI-2018_1.pdf\">  Anamnesebogen<\/a><a href=\"https:\/\/zahnarztpraxis-weber.net\/wp-content\/uploads\/2021\/04\/FO-Anamnesebogen-OPTI-2018_1.pdf\" class=\"wp-block-file__button\" download>Herunterladen<\/a><\/div>\n\t\t\t\t\t\t\t\t<\/div>\n\t\t\t\t<\/div>\n\t\t\t\t\t<\/div>\n\t\t<\/div>\n\t\t\t\t\t<\/div>\n\t\t<\/section>\n\t\t\t\t<\/div>\n\t\t","protected":false},"excerpt":{"rendered":"<p>Service Neben einer optimalen zahnmedizinischen Versorgung sind wir als Praxisteam stets bem\u00fcht Ihnen einen optimalen Service zu bieten. Daher bieten wir Ihnen unter anderem auf Wunsch folgende kostenlose Dienstleistungen an: SMS Terminerinnerung Recall Erinnerungen per SMS, E-Mail oder Telefon. F\u00fcr neue Patienten bieten wir Ihnen hier die M\u00f6glichkeit vor Ihrem ersten Besuch unseren Anamnesebogen vorab [&hellip;]<\/p>\n","protected":false},"author":1,"featured_media":0,"parent":0,"menu_order":0,"comment_status":"closed","ping_status":"closed","template":"elementor_header_footer","meta":{"_regular_price":[],"currency_symbol":[],"footnotes":""},"class_list":["post-260","page","type-page","status-publish","hentry"],"post_slider_layout_featured_media_urls":{"thumbnail":"","post_slider_layout_landscape_large":"","post_slider_layout_portrait_large":"","post_slider_layout_square_large":"","post_slider_layout_landscape":"","post_slider_layout_portrait":"","post_slider_layout_square":"","full":""},"_links":{"self":[{"href":"https:\/\/zahnarztpraxis-weber.net\/index.php?rest_route=\/wp\/v2\/pages\/260","targetHints":{"allow":["GET"]}}],"collection":[{"href":"https:\/\/zahnarztpraxis-weber.net\/index.php?rest_route=\/wp\/v2\/pages"}],"about":[{"href":"https:\/\/zahnarztpraxis-weber.net\/index.php?rest_route=\/wp\/v2\/types\/page"}],"author":[{"embeddable":true,"href":"https:\/\/zahnarztpraxis-weber.net\/index.php?rest_route=\/wp\/v2\/users\/1"}],"replies":[{"embeddable":true,"href":"https:\/\/zahnarztpraxis-weber.net\/index.php?rest_route=%2Fwp%2Fv2%2Fcomments&post=260"}],"version-history":[{"count":17,"href":"https:\/\/zahnarztpraxis-weber.net\/index.php?rest_route=\/wp\/v2\/pages\/260\/revisions"}],"predecessor-version":[{"id":1076,"href":"https:\/\/zahnarztpraxis-weber.net\/index.php?rest_route=\/wp\/v2\/pages\/260\/revisions\/1076"}],"wp:attachment":[{"href":"https:\/\/zahnarztpraxis-weber.net\/index.php?rest_route=%2Fwp%2Fv2%2Fmedia&parent=260"}],"curies":[{"name":"wp","href":"https:\/\/api.w.org\/{rel}","templated":true}]}}