{"id":140,"date":"2021-04-21T09:38:30","date_gmt":"2021-04-21T07:38:30","guid":{"rendered":"https:\/\/zahnarztpraxis-weber.net\/?page_id=140"},"modified":"2023-01-10T15:37:07","modified_gmt":"2023-01-10T13:37:07","slug":"kontakt","status":"publish","type":"page","link":"https:\/\/zahnarztpraxis-weber.net\/?page_id=140","title":{"rendered":"Anfahrt"},"content":{"rendered":"<p><img loading=\"lazy\" decoding=\"async\" width=\"2200\" height=\"861\" src=\"https:\/\/zahnarztpraxis-weber.net\/wp-content\/uploads\/zahnarztpraxis-weber-laecheln-gross.jpg\" alt=\"\" loading=\"lazy\" srcset=\"https:\/\/zahnarztpraxis-weber.net\/wp-content\/uploads\/zahnarztpraxis-weber-laecheln-gross.jpg 2200w, https:\/\/zahnarztpraxis-weber.net\/wp-content\/uploads\/zahnarztpraxis-weber-laecheln-gross-300x117.jpg 300w, https:\/\/zahnarztpraxis-weber.net\/wp-content\/uploads\/zahnarztpraxis-weber-laecheln-gross-1024x401.jpg 1024w, https:\/\/zahnarztpraxis-weber.net\/wp-content\/uploads\/zahnarztpraxis-weber-laecheln-gross-768x301.jpg 768w, https:\/\/zahnarztpraxis-weber.net\/wp-content\/uploads\/zahnarztpraxis-weber-laecheln-gross-1536x601.jpg 1536w, https:\/\/zahnarztpraxis-weber.net\/wp-content\/uploads\/zahnarztpraxis-weber-laecheln-gross-2048x802.jpg 2048w\" sizes=\"auto, (max-width: 2200px) 100vw, 2200px\"><\/p>\n<h1>Anfahrt<\/h1>\n<p><iframe frameborder=\"0\" scrolling=\"no\" marginheight=\"0\" marginwidth=\"0\" src=\"https:\/\/maps.google.com\/maps?q=Opladener%20Stra%C3%9Fe%20120%2C%2040764%20Langenfeld&amp;t=m&amp;z=15&amp;output=embed&amp;iwloc=near\" title=\"Opladener Stra\u00dfe 120, 40764 Langenfeld\" aria-label=\"Opladener Stra\u00dfe 120, 40764 Langenfeld\"><\/iframe><\/p>\n<p style=\"text-align: center;\">Die Bushaltestelle Gr\u00fcnewaldstra\u00dfe befindet sich unmittelbar vor der Praxis. Sie erreichen uns mit der Bus Linie 206<\/p>\n<p>Patienten der Praxis k\u00f6nnen kostenlos die Parkl\u00e4tze des Rewe Supermarktes nutzen<\/p>\n","protected":false},"excerpt":{"rendered":"<p>Anfahrt Die Bushaltestelle Gr\u00fcnewaldstra\u00dfe befindet sich unmittelbar vor der Praxis. Sie erreichen uns mit der Bus Linie 206 Patienten der Praxis k\u00f6nnen kostenlos die Parkl\u00e4tze des Rewe Supermarktes nutzen<\/p>\n","protected":false},"author":1,"featured_media":0,"parent":0,"menu_order":0,"comment_status":"closed","ping_status":"closed","template":"elementor_header_footer","meta":{"_regular_price":[],"currency_symbol":[],"footnotes":""},"class_list":["post-140","page","type-page","status-publish","hentry"],"post_slider_layout_featured_media_urls":{"thumbnail":"","post_slider_layout_landscape_large":"","post_slider_layout_portrait_large":"","post_slider_layout_square_large":"","post_slider_layout_landscape":"","post_slider_layout_portrait":"","post_slider_layout_square":"","full":""},"_links":{"self":[{"href":"https:\/\/zahnarztpraxis-weber.net\/index.php?rest_route=\/wp\/v2\/pages\/140","targetHints":{"allow":["GET"]}}],"collection":[{"href":"https:\/\/zahnarztpraxis-weber.net\/index.php?rest_route=\/wp\/v2\/pages"}],"about":[{"href":"https:\/\/zahnarztpraxis-weber.net\/index.php?rest_route=\/wp\/v2\/types\/page"}],"author":[{"embeddable":true,"href":"https:\/\/zahnarztpraxis-weber.net\/index.php?rest_route=\/wp\/v2\/users\/1"}],"replies":[{"embeddable":true,"href":"https:\/\/zahnarztpraxis-weber.net\/index.php?rest_route=%2Fwp%2Fv2%2Fcomments&post=140"}],"version-history":[{"count":66,"href":"https:\/\/zahnarztpraxis-weber.net\/index.php?rest_route=\/wp\/v2\/pages\/140\/revisions"}],"predecessor-version":[{"id":1253,"href":"https:\/\/zahnarztpraxis-weber.net\/index.php?rest_route=\/wp\/v2\/pages\/140\/revisions\/1253"}],"wp:attachment":[{"href":"https:\/\/zahnarztpraxis-weber.net\/index.php?rest_route=%2Fwp%2Fv2%2Fmedia&parent=140"}],"curies":[{"name":"wp","href":"https:\/\/api.w.org\/{rel}","templated":true}]}}